{"id":1514,"date":"2020-07-24T10:31:17","date_gmt":"2020-07-24T10:31:17","guid":{"rendered":"https:\/\/ceeimmersionmouscron.be\/mentions-legales\/"},"modified":"2023-12-15T13:58:33","modified_gmt":"2023-12-15T13:58:33","slug":"legal-notice","status":"publish","type":"page","link":"https:\/\/ceeimmersionmouscron.be\/nl\/legal-notice\/","title":{"rendered":"Legal Notice"},"content":{"rendered":"<p>[vc_row full_width=&#8221;stretch_row_content_no_spaces&#8221;][vc_column css=&#8221;.vc_custom_1567927353068{padding-bottom: 120px !important;}&#8221; klb_responsive=&#8221;.vc_custom_1567927353070{padding-bottom: 40px !important;}&#8221;]<div class=\"jumbotron jumbotron-fluid\" style=background-image:url(https:\/\/ceeimmersionmouscron.be\/wp-content\/uploads\/2020\/07\/DSC_0270-2-scaled-e1595533185244.jpg)><div class=\"container\" ><div class=\"jumbo-heading\" data-aos=\"fade-down\"><h1>Legal Notice<\/h1><nav aria-label=\"breadcrumb\"> <ol class=\"breadcrumb\"> <li class=\"breadcrumb-item\"><a  href=\"https:\/\/ceeimmersionmouscron.be\/nl\/\" title=\"Home\" rel=\"bookmark\">Home<\/a> <\/li>  <\/ol><\/nav><\/div><\/div><\/div>[\/vc_column][\/vc_row][vc_row][vc_column css=&#8221;.vc_custom_1568613656439{padding-right: 30px !important;padding-bottom: 70px !important;}&#8221; klb_responsive=&#8221;.vc_custom_1568613656441{padding-right: 15px !important;padding-bottom: 40px !important;}&#8221;][vc_column_text]Le Directeur de la publication du pr\u00e9sent site est M.Callens Thierry .<\/p>\n<p>La gestion administrative et technique est confi\u00e9e \u00e0 Losfeld SA.<\/p>\n<p>Le site est h\u00e9berg\u00e9 par Imprimerie Losfeld SA dont le si\u00e8ge social est situ\u00e9 Rue De La Couronne 76 \u00e0\u00a07730 Estaimpuis.<\/p>\n<p><strong>Acc\u00e8s au site<\/strong><\/p>\n<p>L\u2019utilisateur de ce site reconnait disposer de la comp\u00e9tence et des moyens n\u00e9cessaires pour acc\u00e9der et utiliser ce site. Il est \u00e0 rappeler que le fait d\u2019acc\u00e9der ou de se maintenir frauduleusement dans un syst\u00e8me informatique, d\u2019entraver ou de fausser le fonctionnement d\u2019un tel syst\u00e8me, d\u2019introduire ou de modifier frauduleusement des donn\u00e9es dans un syst\u00e8me informatique constitue des d\u00e9lits passibles de sanctions p\u00e9nales.<\/p>\n<p><strong>Limitation de responsabilit\u00e9<\/strong><\/p>\n<p>Le CEE d\u00e9cline toute responsabilit\u00e9 quant \u00e0 l\u2019utilisation qui pourrait \u00eatre faite du contenu de son site et des dommages pouvant r\u00e9sulter de cette utilisation.<\/p>\n<p>Le CEE ne donne aucune garantie quant \u00e0 la s\u00e9curit\u00e9 de son site web, ni quant \u00e0 d\u2019\u00e9ventuels virus ou escroqueries par ordinateur. Le visiteur sera conscient du fait que l\u2019usage d\u2019Internet entra\u00eene certains risques.<\/p>\n<p>Le CEE apporte le plus grand soin \u00e0 la cr\u00e9ation et \u00e0 la mise jour de son site. N\u00e9anmoins, elle ne peut \u00eatre tenue responsable si les informations contenues sur son site se r\u00e9v\u00e9laient inexactes ou incompl\u00e8tes.<\/p>\n<p>Le CEE se r\u00e9serve le droit de modifier l\u2019information, notamment sur les produits et services, sans avis pr\u00e9alable.<\/p>\n<p>Le CEE n\u2019assume aucune responsabilit\u00e9 quant aux informations contenues sur les sites accessibles via son site depuis des liens et pour lesquels elle n\u2019a aucun contr\u00f4le. En cons\u00e9quence, le CEE \u00a0ne saurait \u00eatre tenue pour responsable du contenu des sites auxquels l\u2019internaute aurait ainsi acc\u00e8s. Le CEE n\u2019est pas responsable ni de leur int\u00e9gral respect aux normes d\u2019ordre public et bonnes m\u0153urs, d\u2019une part, ni de leur politique de protection des donn\u00e9es personnelles ou d\u2019utilisation qui en serait faite, d\u2019autre part.<\/p>\n<p>En acc\u00e9dant \u00e0 un autre site, par l\u2019interm\u00e9diaire d\u2019un lien hypertexte, le visiteur accepte que cet acc\u00e8s s\u2019effectue \u00e0 ses risques et p\u00e9rils. En cons\u00e9quence, tout pr\u00e9judice direct ou indirect r\u00e9sultant de son acc\u00e8s \u00e0 un autre site reli\u00e9 par un lien hypertexte ne peut engager la responsabilit\u00e9 de le CEE. Enfin, la cr\u00e9ation de liens hypertextes vers notre site doit faire l\u2019objet d\u2019une autorisation au pr\u00e9alable de l\u2019\u00e9diteur.<\/p>\n<p>Le CEE d\u00e9cline toute responsabilit\u00e9 du fait d\u2019interruptions de services ou d\u2019autres probl\u00e8mes techniques.<\/p>\n<p>Les informations contenues sur le site internet de le CEE sont de nature g\u00e9n\u00e9rale. Elles ne visent pas la situation particuli\u00e8re d\u2019une personne physique ou morale. Il en r\u00e9sulte que celles- ci ne peuvent pas \u00eatre consid\u00e9r\u00e9es comme des conseils juridiques, professionnels ou personnels au visiteur.<\/p>\n<p>Le CEE d\u00e9cline toute responsabilit\u00e9 pour toute impr\u00e9cision, inexactitude, omission ou modification portant sur des informations disponibles sur ce site, notamment en cas d\u2019\u00e9volution des dispositions administratives et juridiques, ainsi que pour tous les dommages r\u00e9sultant d\u2019une intrusion frauduleuse d\u2019un tiers, notamment lorsqu\u2019elle pourrait entra\u00eener une modification des informations mises \u00e0 disposition sur ce site. A cet \u00e9gard, la responsabilit\u00e9 de le CEE ne saurait \u00eatre retenue quant au contenu des pr\u00e9sentes pages et \u00e0 l\u2019utilisation qui pourrait en \u00eatre faite par l\u2019internaute, \u00e0 savoir pour tous dommages, directs ou indirects provoqu\u00e9s par l\u2019acc\u00e8s ou l\u2019utilisation du site par quiconque ou encore par l\u2019impossibilit\u00e9 d\u2019y acc\u00e9der. En outre, le CEE ne pourra en aucun cas \u00eatre tenue pour responsable de dommages r\u00e9sultant de l\u2019interpr\u00e9tation et\/ou de l\u2019utilisation des informations disponibles sur ce site.<\/p>\n<p><strong>Droit de propri\u00e9t\u00e9 intellectuelle et industrielle<\/strong><\/p>\n<p>Le site https:\/\/www.ceeimmersionmouscron.be\/ constitue \u00e0 la fois une cr\u00e9ation prot\u00e9g\u00e9e par le droit d\u2019auteur et une base de donn\u00e9es sur laquelle le CEE d\u00e9tient les droits d\u2019auteur et les droits en tant que producteur. Les textes, lay-out, dessins, photos, films, graphiques et autres \u00e9l\u00e9ments de ce site sont prot\u00e9g\u00e9s par le droit d\u2019auteur. Toute copie, adaptation, traduction, arrangement, communication au public, location et autre exploitation, modification de tout ou partie de ce site sous quelle que forme et par quelque moyen que ce soit, \u00e9lectronique, m\u00e9canique ou autre, est strictement interdit sauf accord pr\u00e9alable et \u00e9crit de le CEE. Le contenu de la base de donn\u00e9es est prot\u00e9g\u00e9 par un droit sui generis qui autorise le producteur \u00e0 interdire toute extraction et\/ou r\u00e9utilisation de tout ou partie de ce contenu. Toute infraction \u00e0 ces droits peut entra\u00eener des poursuites civiles ou p\u00e9nales.<\/p>\n<p><strong>Cookies<\/strong><\/p>\n<p>Le visiteur est inform\u00e9 que des cookies peuvent s\u2019installer sur son navigateur. Dans tous les cas le visiteur peut librement effacer ces cookies de son navigateur en tout temps. Consulter la page li\u00e9e \u00e0 la vie priv\u00e9e.<\/p>\n<p><strong>Protection des donn\u00e9es \u00e0 caract\u00e8re personnel<\/strong><\/p>\n<p>La collecte et le traitement de vos donn\u00e9es personnelles s\u2019effectuent dans le respect de la r\u00e9glementation g\u00e9n\u00e9rale sur la protection des donn\u00e9es (RGPD) et conform\u00e9ment aux dispositions de la loi du 8 d\u00e9cembre 1992 relative \u00e0 la protection de la vie priv\u00e9e \u00e0 l\u2019\u00e9gard des traitements de donn\u00e9es \u00e0 caract\u00e8re personnel. Consulter la rubrique consacr\u00e9e \u00e0 la protection des donn\u00e9es personnelles accessible via le pied de page du site web.<\/p>\n<p>Pour faire valoir votre droit de modification, suppression ou opposition, prenez contact :<\/p>\n<p>CONTACT : <a href=\"mailto:ec.cee@mouscron.education\">ec.cee@mouscron.education<\/a><\/p>\n<p><strong>Litiges et droit applicable<\/strong><\/p>\n<p>Le droit applicable est le droit Belge. Le CEE se r\u00e9serve le droit de modifier ou de compl\u00e9ter les pr\u00e9sentes mentions \u00e0 tout moment et sans pr\u00e9avis.[\/vc_column_text][\/vc_column][\/vc_row]<\/p>\n","protected":false},"excerpt":{"rendered":"<div class=\"klb-readmore\"><a href=\"https:\/\/ceeimmersionmouscron.be\/nl\/legal-notice\/\" class=\"btn btn-primary\">Meer lezen<\/a><\/div>\n","protected":false},"author":1,"featured_media":0,"parent":0,"menu_order":0,"comment_status":"closed","ping_status":"closed","template":"","meta":[],"yoast_head":"<!-- This site is optimized with the Yoast SEO plugin v15.3 - https:\/\/yoast.com\/wordpress\/plugins\/seo\/ -->\n<title>Legal Notice - CEE<\/title>\n<meta name=\"robots\" content=\"index, follow, max-snippet:-1, max-image-preview:large, max-video-preview:-1\" \/>\n<link rel=\"canonical\" href=\"https:\/\/ceeimmersionmouscron.be\/nl\/legal-notice\/\" \/>\n<meta property=\"og:locale\" content=\"nl_NL\" \/>\n<meta property=\"og:type\" content=\"article\" \/>\n<meta property=\"og:title\" content=\"Legal Notice - CEE\" \/>\n<meta property=\"og:description\" content=\"Meer lezen\" \/>\n<meta property=\"og:url\" content=\"https:\/\/ceeimmersionmouscron.be\/nl\/legal-notice\/\" \/>\n<meta property=\"og:site_name\" content=\"CEE\" \/>\n<meta property=\"article:modified_time\" content=\"2023-12-15T13:58:33+00:00\" \/>\n<meta name=\"twitter:card\" content=\"summary_large_image\" \/>\n<meta name=\"twitter:label1\" content=\"Geschreven door\">\n\t<meta name=\"twitter:data1\" content=\"Ludovic Moreau\">\n\t<meta name=\"twitter:label2\" content=\"Geschatte leestijd\">\n\t<meta name=\"twitter:data2\" content=\"4 minuten\">\n<script type=\"application\/ld+json\" class=\"yoast-schema-graph\">{\"@context\":\"https:\/\/schema.org\",\"@graph\":[{\"@type\":\"WebSite\",\"@id\":\"https:\/\/ceeimmersionmouscron.be\/nl\/#website\",\"url\":\"https:\/\/ceeimmersionmouscron.be\/nl\/\",\"name\":\"CEE\",\"description\":\"\",\"potentialAction\":[{\"@type\":\"SearchAction\",\"target\":\"https:\/\/ceeimmersionmouscron.be\/nl\/?s={search_term_string}\",\"query-input\":\"required name=search_term_string\"}],\"inLanguage\":\"nl\"},{\"@type\":\"WebPage\",\"@id\":\"https:\/\/ceeimmersionmouscron.be\/nl\/legal-notice\/#webpage\",\"url\":\"https:\/\/ceeimmersionmouscron.be\/nl\/legal-notice\/\",\"name\":\"Legal Notice - CEE\",\"isPartOf\":{\"@id\":\"https:\/\/ceeimmersionmouscron.be\/nl\/#website\"},\"datePublished\":\"2020-07-24T10:31:17+00:00\",\"dateModified\":\"2023-12-15T13:58:33+00:00\",\"inLanguage\":\"nl\",\"potentialAction\":[{\"@type\":\"ReadAction\",\"target\":[\"https:\/\/ceeimmersionmouscron.be\/nl\/legal-notice\/\"]}]}]}<\/script>\n<!-- \/ Yoast SEO plugin. -->","_links":{"self":[{"href":"https:\/\/ceeimmersionmouscron.be\/nl\/wp-json\/wp\/v2\/pages\/1514"}],"collection":[{"href":"https:\/\/ceeimmersionmouscron.be\/nl\/wp-json\/wp\/v2\/pages"}],"about":[{"href":"https:\/\/ceeimmersionmouscron.be\/nl\/wp-json\/wp\/v2\/types\/page"}],"author":[{"embeddable":true,"href":"https:\/\/ceeimmersionmouscron.be\/nl\/wp-json\/wp\/v2\/users\/1"}],"replies":[{"embeddable":true,"href":"https:\/\/ceeimmersionmouscron.be\/nl\/wp-json\/wp\/v2\/comments?post=1514"}],"version-history":[{"count":3,"href":"https:\/\/ceeimmersionmouscron.be\/nl\/wp-json\/wp\/v2\/pages\/1514\/revisions"}],"predecessor-version":[{"id":2787,"href":"https:\/\/ceeimmersionmouscron.be\/nl\/wp-json\/wp\/v2\/pages\/1514\/revisions\/2787"}],"wp:attachment":[{"href":"https:\/\/ceeimmersionmouscron.be\/nl\/wp-json\/wp\/v2\/media?parent=1514"}],"curies":[{"name":"wp","href":"https:\/\/api.w.org\/{rel}","templated":true}]}}