{"id":1476,"date":"2020-07-24T09:46:19","date_gmt":"2020-07-24T09:46:19","guid":{"rendered":"https:\/\/ceeimmersionmouscron.be\/projet-detablissement\/"},"modified":"2021-08-20T07:53:03","modified_gmt":"2021-08-20T07:53:03","slug":"schoolproject","status":"publish","type":"page","link":"https:\/\/ceeimmersionmouscron.be\/nl\/schoolproject\/","title":{"rendered":"Schoolproject"},"content":{"rendered":"<p>[vc_row full_width=&#8221;stretch_row_content_no_spaces&#8221;][vc_column css=&#8221;.vc_custom_1567927353068{padding-bottom: 120px !important;}&#8221; klb_responsive=&#8221;.vc_custom_1567927353070{padding-bottom: 40px !important;}&#8221;]<div class=\"jumbotron jumbotron-fluid\" style=background-image:url(https:\/\/ceeimmersionmouscron.be\/wp-content\/uploads\/2020\/07\/DSC_0309-scaled-e1595584083946.jpg)><div class=\"container\" ><div class=\"jumbo-heading\" data-aos=\"fade-down\"><h1>Schoolproject<\/h1><nav aria-label=\"breadcrumb\"> <ol class=\"breadcrumb\"> <li class=\"breadcrumb-item\"><a  href=\"https:\/\/ceeimmersionmouscron.be\/nl\/\" title=\"Home\" rel=\"bookmark\">Home<\/a> <\/li>  <\/ol><\/nav><\/div><\/div><\/div>[\/vc_column][\/vc_row][vc_row content_placement=&#8221;middle&#8221; css=&#8221;.vc_custom_1595583890978{padding-bottom: 20px !important;}&#8221;][vc_column][vc_column_text]<strong>Het vroegtijdig starten met de Nederlandse taal<\/strong> vanaf de eerste kleuterklas, &#8216;het immersieonderwijs&#8217;, is een taalbad (vanaf 5 jaar) dat niet gebaseerd is op vertalen, maar op <strong>activiteiten<\/strong> zoals ze in Vlaanderen zouden ervaren, met Nederlandstalige leerkrachten. Dit maakt het mogelijk om zowel de <strong>luister-, geheugen-, begrips- en concentratievaardigheden als de articulatie, fonologische en syntactische vaardigheden te trainen<\/strong>. Kinderen worden zo ondergedompeld in een bad van taal en cultuur dat ze beter kunnen begrijpen, wat <strong>hun nieuwsgierigheid alleen maar kan vergroten en stimuleren.<\/strong>[\/vc_column_text][vc_empty_space height=&#8221;20px&#8221;][\/vc_column][\/vc_row][vc_row][vc_column klb_responsive=&#8221;.vc_custom_1597816675449{padding-right: 15px !important;padding-bottom: 40px !important;}&#8221;][vc_custom_heading text=&#8221;Onze prioriteiten&#8221; font_container=&#8221;tag:h3|text_align:left&#8221; use_theme_fonts=&#8221;yes&#8221; el_class=&#8221;mb-2&#8243;][vc_empty_space height=&#8221;20px&#8221;][\/vc_column][\/vc_row][vc_row][vc_column klb_responsive=&#8221;.vc_custom_1597816666323{padding-right: 15px !important;padding-bottom: 40px !important;}&#8221;][vc_row_inner][vc_column_inner][vc_custom_heading text=&#8221;De taal tot leven brengen in verschillende contexten&#8221; font_container=&#8221;tag:h4|text_align:left&#8221; use_theme_fonts=&#8221;yes&#8221; el_class=&#8221;mb-2&#8243;][vc_column_text]Wiskundige, artistieke, wetenschappelijke en technologische activiteiten zijn <strong>verdeeld onder Frans en Nederlands<\/strong>. Elke activiteit <strong>omvat\u00a0 woordenschat,\u00a0 specifieke zinsbouw met betrekking tot het thema of de leerstof om zo taalvaardigheden in de 2 talen te verwerven<\/strong>. Zo maakt immersie, naast het leren van Nederlands, het mogelijk om de vreemde taal te gebruiken om leerlingen vragen te laten stellen over hun eigen taal, hun eigen omgeving en de wereld om hen heen. Het leren begrijpen en spreken van de vreemde taal bevordert de ontwikkeling van de mechanismen die inherent zijn aan het leren van talen in het algemeen.[\/vc_column_text][vc_empty_space height=&#8221;20px&#8221;][\/vc_column_inner][\/vc_row_inner][vc_row_inner][vc_column_inner][vc_custom_heading text=&#8221;Benader op een interessante manier alle competentiegebieden van het programma via de originele en progressieve ondersteuning&#8221; font_container=&#8221;tag:h4|text_align:left&#8221; use_theme_fonts=&#8221;yes&#8221; el_class=&#8221;mb-2&#8243;][vc_column_text]De diversiteit aan tools en organisaties die worden aangeboden, stellen de leerlingen in staat om concrete acties te ondernemen <strong>om zijn kennis te ontwikkelen en op te bouwen<\/strong>. Aangepast aan verschillende leersituaties, helpen de materialen leerlingen <strong>om de wereld te ontdekken, hun voorstellingen te structureren, concrete experimenten uit te voeren en te valideren<\/strong>. Zelfevaluatie maakt het mogelijk om je bewust te worden van iemands successen en van iemands verantwoordelijkheid in de voortgang van iemands leren. De beoordeling maakt het mogelijk om mogelijke instrumentele stoornissen of leerproblemen op school op te sporen, <strong>om een schoolcurriculum te kunnen overwegen dat aan elk van deze aandoeningen is aangepast<\/strong>.[\/vc_column_text][vc_empty_space height=&#8221;20px&#8221;][\/vc_column_inner][\/vc_row_inner][vc_row_inner][vc_column_inner][vc_custom_heading text=&#8221;Samenwerken en communiceren met de verschillende stakeholders in het onderwijssysteem&#8221; font_container=&#8221;tag:h4|text_align:left&#8221; use_theme_fonts=&#8221;yes&#8221; el_class=&#8221;mb-2&#8243;][vc_column_text]Om het onderwijs van elke leerling te optimaliseren, worden uitwisselingen tussen leerlingen, leraren, management, ouders, inspectie, inrichtende macht, psycho-medico-sociaal centrum, gezondheidsbevorderingscentrum op school&#8230; \u00a0georganiseerd door middel <strong>van communicatieboekjes<\/strong>, de organisatie van <strong>info-vergaderingen, projectcommunicatie, informele bijeenkomsten,&#8230; <\/strong><\/p>\n<p><strong>\u00a0<\/strong>[\/vc_column_text][vc_empty_space height=&#8221;20px&#8221;][\/vc_column_inner][\/vc_row_inner][vc_row_inner][vc_column_inner][vc_custom_heading text=&#8221;Elk kind vooruit helpen in een relationeel, warm, sereen klimaat&#8221; font_container=&#8221;tag:h4|text_align:left&#8221; use_theme_fonts=&#8221;yes&#8221; el_class=&#8221;mb-2&#8243;][vc_column_text]Ons doel is <strong>met plezier naar school komen<\/strong>. De algemene ori\u00ebntatie van de school zal leerlingen <strong>helpen om zich te ori\u00ebnteren in de samenleving<\/strong>. Hiervoor stimuleren we de zin in goed werken, autonomie, verantwoordelijkheid, effici\u00ebntie, zelfvertrouwen, respect voor anderen, geweldloze communicatie, solidariteit&#8230;[\/vc_column_text][vc_empty_space height=&#8221;20px&#8221;][\/vc_column_inner][\/vc_row_inner][\/vc_column][\/vc_row][vc_row][vc_column klb_responsive=&#8221;.vc_custom_1597816770024{padding-right: 15px !important;padding-bottom: 40px !important;}&#8221;][vc_custom_heading text=&#8221;Al onze acties zullen de leerling in staat stellen om zijn leven op te bouwen, zodat hij kan floreren in de samenleving van morgen.&#8221; font_container=&#8221;tag:h3|text_align:left&#8221; use_theme_fonts=&#8221;yes&#8221; el_class=&#8221;mb-2&#8243;][vc_empty_space height=&#8221;20px&#8221;][\/vc_column][\/vc_row][vc_row css=&#8221;.vc_custom_1597816842193{padding-bottom: 50px !important;}&#8221;][vc_column klb_responsive=&#8221;.vc_custom_1597816764887{padding-right: 15px !important;padding-bottom: 40px !important;}&#8221;][vc_row_inner][vc_column_inner][vc_custom_heading text=&#8221;Opdat elk kind autonoom is en een solide achtergrond heeft voor zijn of haar schooltoekomst:&#8221; font_container=&#8221;tag:h4|text_align:left&#8221; use_theme_fonts=&#8221;yes&#8221; el_class=&#8221;mb-2&#8243;][vc_empty_space height=&#8221;20px&#8221;][vc_custom_heading text=&#8221;Zowel taalkundige als culturele vaardigheden en knowhow ontwikkelen door het taalbad&#8221; font_container=&#8221;tag:h5|text_align:left&#8221; use_theme_fonts=&#8221;yes&#8221; el_class=&#8221;mb-2&#8243;][vc_column_text]Onze pedagogiek helpt om, met elk kind dat aan ons is toevertrouwd, <strong>zijn kennis op te bouwen en hem handvatten te geven om te slagen in onze multiculturele samenleving<\/strong>.\u00a0 Om dit taalbad zo goed mogelijk te waarborgen, wordt er vanaf de 1e kleuterklas <strong>4 keer per week een les Nederlands onder de vorm van workshops in kleine groepen opgezet<\/strong>. Vanaf de 3de kleuterklas tot het einde van de lagere school:<\/p>\n<ul>\n<li><strong>de helft van de cursussen wordt in het Frans gegeven<\/strong>: de nadruk ligt op taalactiviteiten, omdat het leren van het mechanisme van lezen voor het eerst in het Frans wordt ontdekt.<\/li>\n<li><strong>de andere helft wordt in het Nederlands georganiseerd<\/strong>: daar worden voornamelijk wiskundige activiteiten ontwikkeld.<\/li>\n<\/ul>\n<p>\u2022 <strong>thema&#8217;s komen in beide talen aan bod<\/strong> om de taal in het Frans en het Nederlands te verrijken.[\/vc_column_text][vc_empty_space height=&#8221;20px&#8221;][\/vc_column_inner][\/vc_row_inner][vc_row_inner][vc_column_inner][vc_custom_heading text=&#8221;Ontdekken, experimenteren en manipuleren om de wereld te begrijpen&#8221; font_container=&#8221;tag:h5|text_align:left&#8221; use_theme_fonts=&#8221;yes&#8221; el_class=&#8221;mb-2&#8243;][vc_column_text]De voorgestelde activiteiten hebben tot doel de leerling zin te geven om de wereld om zich heen te observeren en te beschrijven in zijn naaste omgeving (in de klaslokalen, de multimediaruimte, de speelplaats of de tuin van de school) of in minder vertrouwde omgevingen (de meerdaagse zeeklassen, de uitstapjes naar de bibliotheek, de boerderij, het park, het museum en de stad, deelname aan shows, sport- en wetenschappelijke activiteiten, uitwisselingen en correspondentie tussen scholen, projecten met respect voor de omgeving &#8230;). Deze <strong>onderzoeks-, exploitatie- of bewustwordingsactiviteiten, ervaren door middel van motorische, verbale, wiskundige, wetenschappelijke activiteiten, roepen vragen op bij de leerling<\/strong>.\u00a0 Deze maken het mogelijk om via analyse en onderzoek een rijke uitwisseling tussen leerlingen uit te lokken.[\/vc_column_text][vc_empty_space height=&#8221;20px&#8221;][\/vc_column_inner][\/vc_row_inner][vc_row_inner][vc_column_inner][vc_custom_heading text=&#8221;Attitudes en gedrag ontwikkelen van respect, hulp en aandacht voor anderen&#8221; font_container=&#8221;tag:h5|text_align:left&#8221; use_theme_fonts=&#8221;yes&#8221; el_class=&#8221;mb-2&#8243;][vc_column_text]Het leren van de regels van samenleven, het benaderen van de regels van veiligheid, samenleven in harmonie, het begrijpen en toegeven van onze verschillen&#8230; zijn ervaringen die in de klas en de school worden beleefd.[\/vc_column_text][\/vc_column_inner][\/vc_row_inner][\/vc_column][\/vc_row][vc_row disable_element=&#8221;yes&#8221;][vc_column][vc_row_inner][vc_column_inner offset=&#8221;vc_hidden-md vc_hidden-sm vc_hidden-xs&#8221;][vc_empty_space height=&#8221;200px&#8221;][\/vc_column_inner][\/vc_row_inner][\/vc_column][\/vc_row][vc_row disable_element=&#8221;yes&#8221;][vc_column width=&#8221;1\/2&#8243;]<section id=\"intro-cards\"><div class=\"card card-flip\"><div class=\"card bg-secondary text-light\" style=\"background-color:#035392 !important;\"><div class=\"p-5\"><h5 class=\"card-title text-light\">Section maternelle<\/h5><p class=\"card-text\">De la classe d&#039;accueil \u00e0 la troisi\u00e8me maternelle.<\/p><a href=\"\/section-maternelle\/\" title=\"D\u00e9couvrir la section\" target=\"\" class=\"btn d-lg-none\">D\u00e9couvrir la section<\/a><\/div><img class=\"card-img\" src=\"https:\/\/ceeimmersionmouscron.be\/wp-content\/uploads\/2020\/08\/DSC_0316-scaled-350x188.jpg\" alt=\"flip\"><\/div><div class=\"card bg-secondary text-light card-back\"><div class=\"card-body d-flex justify-content-center align-items-center\"><div class=\"p-4\"><h5 class=\"card-title text-light\"><\/h5><p class=\"card-text\"><\/p><a href=\"\/section-maternelle\/\" title=\"D\u00e9couvrir la section\" target=\"\" class=\"btn\">D\u00e9couvrir la section<\/a><\/div><\/div><\/div><\/div><\/section>[\/vc_column][vc_column width=&#8221;1\/2&#8243;]<section id=\"intro-cards\"><div class=\"card card-flip\"><div class=\"card bg-secondary text-light\" style=\"background-color:#da3734 !important;\"><div class=\"p-5\"><h5 class=\"card-title text-light\">Section primaire<\/h5><p class=\"card-text\">De la premi\u00e8re \u00e0 la sixi\u00e8me primaire.<\/p><a href=\"\/section-primaire\/\" title=\"D\u00e9couvrir la section\" target=\"\" class=\"btn d-lg-none\">D\u00e9couvrir la section<\/a><\/div><img class=\"card-img\" src=\"https:\/\/ceeimmersionmouscron.be\/wp-content\/uploads\/2020\/08\/DSC_0276-scaled-350x188.jpg\" alt=\"flip\"><\/div><div class=\"card bg-secondary text-light card-back\"><div class=\"card-body d-flex justify-content-center align-items-center\"><div class=\"p-4\"><h5 class=\"card-title text-light\"><\/h5><p class=\"card-text\"><\/p><a href=\"\/section-primaire\/\" title=\"D\u00e9couvrir la section\" target=\"\" class=\"btn\">D\u00e9couvrir la section<\/a><\/div><\/div><\/div><\/div><\/section>[\/vc_column][\/vc_row]<\/p>\n","protected":false},"excerpt":{"rendered":"<div class=\"klb-readmore\"><a href=\"https:\/\/ceeimmersionmouscron.be\/nl\/schoolproject\/\" class=\"btn btn-primary\">Meer lezen<\/a><\/div>\n","protected":false},"author":1,"featured_media":0,"parent":0,"menu_order":0,"comment_status":"closed","ping_status":"closed","template":"","meta":[],"yoast_head":"<!-- This site is optimized with the Yoast SEO plugin v15.3 - https:\/\/yoast.com\/wordpress\/plugins\/seo\/ -->\n<title>Schoolproject - CEE<\/title>\n<meta name=\"robots\" content=\"index, follow, max-snippet:-1, max-image-preview:large, max-video-preview:-1\" \/>\n<link rel=\"canonical\" href=\"https:\/\/ceeimmersionmouscron.be\/nl\/schoolproject\/\" \/>\n<meta property=\"og:locale\" content=\"nl_NL\" \/>\n<meta property=\"og:type\" content=\"article\" \/>\n<meta property=\"og:title\" content=\"Schoolproject - CEE\" \/>\n<meta property=\"og:description\" content=\"Meer lezen\" \/>\n<meta property=\"og:url\" content=\"https:\/\/ceeimmersionmouscron.be\/nl\/schoolproject\/\" \/>\n<meta property=\"og:site_name\" content=\"CEE\" \/>\n<meta property=\"article:modified_time\" content=\"2021-08-20T07:53:03+00:00\" \/>\n<meta name=\"twitter:card\" content=\"summary_large_image\" \/>\n<meta name=\"twitter:label1\" content=\"Geschreven door\">\n\t<meta name=\"twitter:data1\" content=\"Ludovic Moreau\">\n\t<meta name=\"twitter:label2\" content=\"Geschatte leestijd\">\n\t<meta name=\"twitter:data2\" content=\"5 minuten\">\n<script type=\"application\/ld+json\" class=\"yoast-schema-graph\">{\"@context\":\"https:\/\/schema.org\",\"@graph\":[{\"@type\":\"WebSite\",\"@id\":\"https:\/\/ceeimmersionmouscron.be\/nl\/#website\",\"url\":\"https:\/\/ceeimmersionmouscron.be\/nl\/\",\"name\":\"CEE\",\"description\":\"\",\"potentialAction\":[{\"@type\":\"SearchAction\",\"target\":\"https:\/\/ceeimmersionmouscron.be\/nl\/?s={search_term_string}\",\"query-input\":\"required name=search_term_string\"}],\"inLanguage\":\"nl\"},{\"@type\":\"WebPage\",\"@id\":\"https:\/\/ceeimmersionmouscron.be\/nl\/schoolproject\/#webpage\",\"url\":\"https:\/\/ceeimmersionmouscron.be\/nl\/schoolproject\/\",\"name\":\"Schoolproject - CEE\",\"isPartOf\":{\"@id\":\"https:\/\/ceeimmersionmouscron.be\/nl\/#website\"},\"datePublished\":\"2020-07-24T09:46:19+00:00\",\"dateModified\":\"2021-08-20T07:53:03+00:00\",\"inLanguage\":\"nl\",\"potentialAction\":[{\"@type\":\"ReadAction\",\"target\":[\"https:\/\/ceeimmersionmouscron.be\/nl\/schoolproject\/\"]}]}]}<\/script>\n<!-- \/ Yoast SEO plugin. -->","_links":{"self":[{"href":"https:\/\/ceeimmersionmouscron.be\/nl\/wp-json\/wp\/v2\/pages\/1476"}],"collection":[{"href":"https:\/\/ceeimmersionmouscron.be\/nl\/wp-json\/wp\/v2\/pages"}],"about":[{"href":"https:\/\/ceeimmersionmouscron.be\/nl\/wp-json\/wp\/v2\/types\/page"}],"author":[{"embeddable":true,"href":"https:\/\/ceeimmersionmouscron.be\/nl\/wp-json\/wp\/v2\/users\/1"}],"replies":[{"embeddable":true,"href":"https:\/\/ceeimmersionmouscron.be\/nl\/wp-json\/wp\/v2\/comments?post=1476"}],"version-history":[{"count":18,"href":"https:\/\/ceeimmersionmouscron.be\/nl\/wp-json\/wp\/v2\/pages\/1476\/revisions"}],"predecessor-version":[{"id":2159,"href":"https:\/\/ceeimmersionmouscron.be\/nl\/wp-json\/wp\/v2\/pages\/1476\/revisions\/2159"}],"wp:attachment":[{"href":"https:\/\/ceeimmersionmouscron.be\/nl\/wp-json\/wp\/v2\/media?parent=1476"}],"curies":[{"name":"wp","href":"https:\/\/api.w.org\/{rel}","templated":true}]}}