{"id":1365,"date":"2019-09-18T20:20:59","date_gmt":"2019-09-18T20:20:59","guid":{"rendered":"https:\/\/ceeimmersionmouscron.be\/contact\/"},"modified":"2025-01-30T13:25:20","modified_gmt":"2025-01-30T13:25:20","slug":"contact","status":"publish","type":"page","link":"https:\/\/ceeimmersionmouscron.be\/nl\/contact\/","title":{"rendered":"Contact"},"content":{"rendered":"<p>[vc_row full_width=&#8221;stretch_row_content_no_spaces&#8221;][vc_column css=&#8221;.vc_custom_1567927353068{padding-bottom: 120px !important;}&#8221; klb_responsive=&#8221;.vc_custom_1567927353070{padding-bottom: 40px !important;}&#8221;]<div class=\"jumbotron jumbotron-fluid\" ><div class=\"container\" ><div class=\"jumbo-heading\" data-aos=\"fade-down\"><h1>Contact<\/h1><nav aria-label=\"breadcrumb\"> <ol class=\"breadcrumb\"> <li class=\"breadcrumb-item\"><a  href=\"https:\/\/ceeimmersionmouscron.be\/nl\/\" title=\"Home\" rel=\"bookmark\">Home<\/a> <\/li>  <\/ol><\/nav><\/div><\/div><\/div>[\/vc_column][\/vc_row][vc_row][vc_column css=&#8221;.vc_custom_1568613656439{padding-right: 30px !important;padding-bottom: 70px !important;}&#8221; klb_responsive=&#8221;.vc_custom_1568613656441{padding-right: 15px !important;padding-bottom: 40px !important;}&#8221;][vc_row_inner][vc_column_inner][vc_custom_heading text=&#8221;Contacteer ons&#8221; font_container=&#8221;tag:h3|text_align:left&#8221; use_theme_fonts=&#8221;yes&#8221; el_class=&#8221;mb-2&#8243;][vc_column_text]Aarzel niet om ons te contacteren voor extra vragen en informatie.[\/vc_column_text][\/vc_column_inner][\/vc_row_inner][vc_row_inner][vc_column_inner el_class=&#8221;mt-5&#8243; width=&#8221;1\/3&#8243;]<div class=\"contact-icon bg-secondary text-light\"><i class=\"fas fa-phone top-icon\"><\/i><div class=\"contact-icon-info\"><h5>Kleuterschool en secretariaat<\/h5><p>+32 (0) 56 34 40 14<\/p><\/div><\/div>[\/vc_column_inner][vc_column_inner el_class=&#8221;mt-5&#8243; width=&#8221;1\/3&#8243;]<div class=\"contact-icon bg-secondary text-light\"><i class=\"fas fa-phone top-icon\"><\/i><div class=\"contact-icon-info\"><h5>Lagere school en secretariaat<\/h5><p>+32 (0) 56 34 40 14<\/p><\/div><\/div>[\/vc_column_inner][vc_column_inner el_class=&#8221;mt-5&#8243; width=&#8221;1\/3&#8243;]<div class=\"contact-icon bg-secondary text-light\"><i class=\"far fa-envelope-open top-icon\"><\/i><div class=\"contact-icon-info\"><h5>E-mail<\/h5><p>ec.cee@mouscron.education<\/p><\/div><\/div>[\/vc_column_inner][\/vc_row_inner][vc_row_inner css=&#8221;.vc_custom_1596201131959{margin-top: 50px !important;}&#8221;][vc_column_inner][vc_custom_heading text=&#8221;Contactformulier&#8221; font_container=&#8221;tag:h3|text_align:left&#8221; use_theme_fonts=&#8221;yes&#8221; el_class=&#8221;mb-2&#8243;][vc_column_text]Aarzel niet om het contactformulier in te vullen. We antwoorden zo spoedig mogelijk.[\/vc_column_text][vc_empty_space][\/vc_column_inner][\/vc_row_inner]<div role=\"form\" class=\"wpcf7\" id=\"wpcf7-f1624-o1\" lang=\"fr-FR\" dir=\"ltr\">\n<div class=\"screen-reader-response\"><p role=\"status\" aria-live=\"polite\" aria-atomic=\"true\"><\/p> <ul><\/ul><\/div>\n<form action=\"\/nl\/wp-json\/wp\/v2\/pages\/1365#wpcf7-f1624-o1\" method=\"post\" class=\"wpcf7-form init\" novalidate=\"novalidate\" data-status=\"init\">\n<div style=\"display: none;\">\n<input type=\"hidden\" name=\"_wpcf7\" value=\"1624\" \/>\n<input type=\"hidden\" name=\"_wpcf7_version\" value=\"5.4\" \/>\n<input type=\"hidden\" name=\"_wpcf7_locale\" value=\"fr_FR\" \/>\n<input type=\"hidden\" name=\"_wpcf7_unit_tag\" value=\"wpcf7-f1624-o1\" \/>\n<input type=\"hidden\" name=\"_wpcf7_container_post\" value=\"0\" \/>\n<input type=\"hidden\" name=\"_wpcf7_posted_data_hash\" value=\"\" \/>\n<\/div>\n<p><span class=\"wpcf7-form-control-wrap Naam\"><input type=\"text\" name=\"Naam\" value=\"\" size=\"40\" class=\"wpcf7-form-control wpcf7-text wpcf7-validates-as-required\" aria-required=\"true\" aria-invalid=\"false\" placeholder=\"Naam *\" \/><\/span><br \/>\n<span class=\"wpcf7-form-control-wrap Voornaam\"><input type=\"text\" name=\"Voornaam\" value=\"\" size=\"40\" class=\"wpcf7-form-control wpcf7-text wpcf7-validates-as-required\" aria-required=\"true\" aria-invalid=\"false\" placeholder=\"Voornaam *\" \/><\/span><br \/>\n<span class=\"wpcf7-form-control-wrap Sexe\"><span class=\"wpcf7-form-control wpcf7-radio\"><span class=\"wpcf7-list-item first\"><input type=\"radio\" name=\"Sexe\" value=\"Man\" checked=\"checked\" \/><span class=\"wpcf7-list-item-label\">Man<\/span><\/span><span class=\"wpcf7-list-item last\"><input type=\"radio\" name=\"Sexe\" value=\"Vrouw\" \/><span class=\"wpcf7-list-item-label\">Vrouw<\/span><\/span><\/span><\/span><br\/><br \/>\n<span class=\"wpcf7-form-control-wrap Adres\"><input type=\"text\" name=\"Adres\" value=\"\" size=\"40\" class=\"wpcf7-form-control wpcf7-text wpcf7-validates-as-required\" aria-required=\"true\" aria-invalid=\"false\" placeholder=\"Adres *\" \/><\/span><br \/>\n<span class=\"wpcf7-form-control-wrap Postcode\"><input type=\"text\" name=\"Postcode\" value=\"\" size=\"40\" class=\"wpcf7-form-control wpcf7-text wpcf7-validates-as-required\" aria-required=\"true\" aria-invalid=\"false\" placeholder=\"Postcode *\" \/><\/span><br \/>\n<span class=\"wpcf7-form-control-wrap Gemeenschap\"><input type=\"text\" name=\"Gemeenschap\" value=\"\" size=\"40\" class=\"wpcf7-form-control wpcf7-text wpcf7-validates-as-required\" aria-required=\"true\" aria-invalid=\"false\" placeholder=\"Gemeenschap *\" \/><\/span><br \/>\n<span class=\"wpcf7-form-control-wrap Land\"><select name=\"Land\" class=\"wpcf7-form-control wpcf7-select wpcf7-validates-as-required\" aria-required=\"true\" aria-invalid=\"false\"><option value=\"Belgie\">Belgie<\/option><option value=\"Frankrijk\">Frankrijk<\/option><option value=\"Holland\">Holland<\/option><option value=\"Duitsland\">Duitsland<\/option><option value=\"Engeland\">Engeland<\/option><\/select><\/span><br\/><br \/>\n<span class=\"wpcf7-form-control-wrap Tel\"><input type=\"text\" name=\"Tel\" value=\"\" size=\"40\" class=\"wpcf7-form-control wpcf7-text wpcf7-validates-as-required\" aria-required=\"true\" aria-invalid=\"false\" placeholder=\"Telefoon*\" \/><\/span><br \/>\n<span class=\"wpcf7-form-control-wrap email\"><input type=\"email\" name=\"email\" value=\"\" size=\"40\" class=\"wpcf7-form-control wpcf7-text wpcf7-email wpcf7-validates-as-required wpcf7-validates-as-email\" aria-required=\"true\" aria-invalid=\"false\" placeholder=\"E-mail *\" \/><\/span><br \/>\n<span class=\"wpcf7-form-control-wrap bericht\"><textarea name=\"bericht\" cols=\"40\" rows=\"10\" class=\"wpcf7-form-control wpcf7-textarea wpcf7-validates-as-required\" aria-required=\"true\" aria-invalid=\"false\" placeholder=\"Bericht *\"><\/textarea><\/span><br \/>\n<span class=\"wpcf7-form-control-wrap checkbox-905\"><span class=\"wpcf7-form-control wpcf7-checkbox wpcf7-validates-as-required\"><span class=\"wpcf7-list-item first last\"><input type=\"checkbox\" name=\"checkbox-905[]\" value=\"Door dit vakje aan te vinken en dit formulier in te dienen, ga ik ermee akkoord dat mijn persoonlijke gegevens zullen worden gebruikt als onderdeel van mijn verzoek en ik bevestig dat ik het privacybeleid heb gelezen. *\" \/><span class=\"wpcf7-list-item-label\">Door dit vakje aan te vinken en dit formulier in te dienen, ga ik ermee akkoord dat mijn persoonlijke gegevens zullen worden gebruikt als onderdeel van mijn verzoek en ik bevestig dat ik het privacybeleid heb gelezen. *<\/span><\/span><\/span><\/span><br \/>\n<div class=\"anr_captcha_field\"><div id=\"anr_captcha_field_1\" class=\"anr_captcha_field_div\"><\/div><\/div><span class=\"wpcf7-form-control-wrap g-recaptcha-response\"><\/span><br \/>\n<br><br \/>\n<input type=\"submit\" value=\"Versturen\" class=\"wpcf7-form-control wpcf7-submit\" \/><\/p>\n<div class=\"wpcf7-response-output\" aria-hidden=\"true\"><\/div><\/form><\/div>[\/vc_column][\/vc_row][vc_row gap=&#8221;30&#8243; disable_element=&#8221;yes&#8221; css=&#8221;.vc_custom_1597749106051{padding-bottom: 90px !important;}&#8221;][vc_column width=&#8221;1\/2&#8243;][vc_column_text]<\/p>\n<h3 style=\"text-align: center;\">Section maternelle<\/h3>\n<p style=\"text-align: center;\">De la classe d&#8217;accueil \u00e0 la troisi\u00e8me maternelle.<\/p>\n<p style=\"text-align: center;\"><em><strong>Rue L\u00e9opold, 40 &#8211; 7700 Mouscron<\/strong><\/em><\/p>\n<p>[\/vc_column_text][vc_empty_space][vc_raw_html]JTNDaWZyYW1lJTIwc3JjJTNEJTIyaHR0cHMlM0ElMkYlMkZ3d3cuZ29vZ2xlLmNvbSUyRm1hcHMlMkZlbWJlZCUzRnBiJTNEJTIxMW0xOCUyMTFtMTIlMjExbTMlMjExZDI1MjQuNjY5ODEyNDEzOTA4JTIxMmQzLjIxODY4MTExNjE0NTMzNyUyMTNkNTAuNzQ0NjEyNjc5NTE3MDc2JTIxMm0zJTIxMWYwJTIxMmYwJTIxM2YwJTIxM20yJTIxMWkxMDI0JTIxMmk3NjglMjE0ZjEzLjElMjEzbTMlMjExbTIlMjExczB4NDdjMzI1OTFmOTZiZDMzNSUyNTNBMHg1NzNhYmE3MjI5MTE5MzNmJTIxMnNDZW50cmUlMjUyMEVkdWNhdGlmJTI1MjBFdXJvcCUyNUMzJTI1QTllbiUyMTVlMCUyMTNtMiUyMTFzZnIlMjEyc2JlJTIxNHYxNTk0MDI3MTcxODQyJTIxNW0yJTIxMXNmciUyMTJzYmUlMjIlMjB3aWR0aCUzRCUyMjEwMDAlMjIlMjBoZWlnaHQlM0QlMjIzNTAlMjIlMjBmcmFtZWJvcmRlciUzRCUyMjAlMjIlMjBzdHlsZSUzRCUyMmJvcmRlciUzQTAlM0IlMjIlMjBhbGxvd2Z1bGxzY3JlZW4lM0QlMjIlMjIlMjBhcmlhLWhpZGRlbiUzRCUyMmZhbHNlJTIyJTIwdGFiaW5kZXglM0QlMjIwJTIyJTNFJTNDJTJGaWZyYW1lJTNF[\/vc_raw_html][vc_empty_space][vc_row_inner gap=&#8221;20&#8243;][vc_column_inner css=&#8221;.vc_custom_1596119460857{background-color: #035392 !important;border-radius: 25px !important;}&#8221;][vc_empty_space][vc_column_text]<\/p>\n<h3 style=\"text-align: center;\"><span style=\"color: #ffffff;\">Horaire des maternelles<\/span><\/h3>\n<p style=\"text-align: center;\"><span style=\"color: #ffffff;\">Cours du matin: 8h30 \u00e0 11h30<\/span><br \/>\n<span style=\"color: #ffffff;\">Cours de l\u2019apr\u00e8s-midi: 13h15 \u00e0 16h00<\/span><br \/>\n<span style=\"color: #ffffff;\">Cours du mercredi: 8h30 \u00e0 11h15<\/span>[\/vc_column_text][vc_empty_space][\/vc_column_inner][\/vc_row_inner][\/vc_column][vc_column width=&#8221;1\/2&#8243;][vc_column_text]<\/p>\n<h3 style=\"text-align: center;\">Section primaire<\/h3>\n<p style=\"text-align: center;\">De la\u00a0premi\u00e8re primaire \u00e0 la sixi\u00e8me primaire.<\/p>\n<p style=\"text-align: center;\"><em><strong>Rue\u00a0Cotonni\u00e8re, 17 &#8211; 7700 Mouscron<\/strong><\/em><\/p>\n<p>[\/vc_column_text][vc_empty_space][vc_raw_html]JTNDaWZyYW1lJTIwc3JjJTNEJTIyaHR0cHMlM0ElMkYlMkZ3d3cuZ29vZ2xlLmNvbSUyRm1hcHMlMkZlbWJlZCUzRnBiJTNEJTIxMW0xOCUyMTFtMTIlMjExbTMlMjExZDI1MjQuNzI5MDAxMDg3MDU4NCUyMTJkMy4yMjI4ODc3MTYxNDUyODg1JTIxM2Q1MC43NDM1MTQ5Nzk1MTY4NSUyMTJtMyUyMTFmMCUyMTJmMCUyMTNmMCUyMTNtMiUyMTFpMTAyNCUyMTJpNzY4JTIxNGYxMy4xJTIxM20zJTIxMW0yJTIxMXMweDQ3YzMyNTkzYzRmMWI5NmQlMjUzQTB4NTM5MDVmZTU1MjMxZTBmMyUyMTJzQ2VudHJlJTI1MjBFZHVjYXRpZiUyNTIwRXVyb3AlMjVDMyUyNUE5ZW4lMjE1ZTAlMjEzbTIlMjExc2ZyJTIxMnNiZSUyMTR2MTU5NDAyNzI4NDk0MiUyMTVtMiUyMTFzZnIlMjEyc2JlJTIyJTIwd2lkdGglM0QlMjIxMDAwJTIyJTIwaGVpZ2h0JTNEJTIyMzUwJTIyJTIwZnJhbWVib3JkZXIlM0QlMjIwJTIyJTIwc3R5bGUlM0QlMjJib3JkZXIlM0EwJTNCJTIyJTIwYWxsb3dmdWxsc2NyZWVuJTNEJTIyJTIyJTIwYXJpYS1oaWRkZW4lM0QlMjJmYWxzZSUyMiUyMHRhYmluZGV4JTNEJTIyMCUyMiUzRSUzQyUyRmlmcmFtZSUzRQ==[\/vc_raw_html][vc_empty_space][vc_row_inner gap=&#8221;20&#8243;][vc_column_inner css=&#8221;.vc_custom_1596199097032{background-color: #da3734 !important;border-radius: 25px !important;}&#8221;][vc_empty_space][vc_column_text]<\/p>\n<h3 style=\"text-align: center;\"><span style=\"color: #ffffff;\">Horaire des primaires<\/span><\/h3>\n<p style=\"text-align: center;\"><span style=\"color: #ffffff;\">Cours du matin: 8h30 \u00e0 12h05<\/span><br \/>\n<span style=\"color: #ffffff;\">Cours de l\u2019apr\u00e8s-midi: 13h10 \u00e0 15h50<\/span><br \/>\n<span style=\"color: #ffffff;\">Cours du mercredi: 8h30 \u00e0 11h15<\/span>[\/vc_column_text][vc_empty_space][\/vc_column_inner][\/vc_row_inner][\/vc_column][\/vc_row]<\/p>\n","protected":false},"excerpt":{"rendered":"<div class=\"klb-readmore\"><a href=\"https:\/\/ceeimmersionmouscron.be\/nl\/contact\/\" class=\"btn btn-primary\">Meer lezen<\/a><\/div>\n","protected":false},"author":1,"featured_media":0,"parent":0,"menu_order":0,"comment_status":"closed","ping_status":"closed","template":"","meta":[],"yoast_head":"<!-- This site is optimized with the Yoast SEO plugin v15.3 - https:\/\/yoast.com\/wordpress\/plugins\/seo\/ -->\n<title>Contact - CEE<\/title>\n<meta name=\"robots\" content=\"index, follow, max-snippet:-1, max-image-preview:large, max-video-preview:-1\" \/>\n<link rel=\"canonical\" href=\"https:\/\/ceeimmersionmouscron.be\/nl\/contact\/\" \/>\n<meta property=\"og:locale\" content=\"nl_NL\" \/>\n<meta property=\"og:type\" content=\"article\" \/>\n<meta property=\"og:title\" content=\"Contact - CEE\" \/>\n<meta property=\"og:description\" content=\"Meer lezen\" \/>\n<meta property=\"og:url\" content=\"https:\/\/ceeimmersionmouscron.be\/nl\/contact\/\" \/>\n<meta property=\"og:site_name\" content=\"CEE\" \/>\n<meta property=\"article:modified_time\" content=\"2025-01-30T13:25:20+00:00\" \/>\n<meta name=\"twitter:card\" content=\"summary_large_image\" \/>\n<meta name=\"twitter:label1\" content=\"Geschreven door\">\n\t<meta name=\"twitter:data1\" content=\"Ludovic Moreau\">\n\t<meta name=\"twitter:label2\" content=\"Geschatte leestijd\">\n\t<meta name=\"twitter:data2\" content=\"2 minuten\">\n<script type=\"application\/ld+json\" class=\"yoast-schema-graph\">{\"@context\":\"https:\/\/schema.org\",\"@graph\":[{\"@type\":\"WebSite\",\"@id\":\"https:\/\/ceeimmersionmouscron.be\/nl\/#website\",\"url\":\"https:\/\/ceeimmersionmouscron.be\/nl\/\",\"name\":\"CEE\",\"description\":\"\",\"potentialAction\":[{\"@type\":\"SearchAction\",\"target\":\"https:\/\/ceeimmersionmouscron.be\/nl\/?s={search_term_string}\",\"query-input\":\"required name=search_term_string\"}],\"inLanguage\":\"nl\"},{\"@type\":\"WebPage\",\"@id\":\"https:\/\/ceeimmersionmouscron.be\/nl\/contact\/#webpage\",\"url\":\"https:\/\/ceeimmersionmouscron.be\/nl\/contact\/\",\"name\":\"Contact - CEE\",\"isPartOf\":{\"@id\":\"https:\/\/ceeimmersionmouscron.be\/nl\/#website\"},\"datePublished\":\"2019-09-18T20:20:59+00:00\",\"dateModified\":\"2025-01-30T13:25:20+00:00\",\"inLanguage\":\"nl\",\"potentialAction\":[{\"@type\":\"ReadAction\",\"target\":[\"https:\/\/ceeimmersionmouscron.be\/nl\/contact\/\"]}]}]}<\/script>\n<!-- \/ Yoast SEO plugin. -->","_links":{"self":[{"href":"https:\/\/ceeimmersionmouscron.be\/nl\/wp-json\/wp\/v2\/pages\/1365"}],"collection":[{"href":"https:\/\/ceeimmersionmouscron.be\/nl\/wp-json\/wp\/v2\/pages"}],"about":[{"href":"https:\/\/ceeimmersionmouscron.be\/nl\/wp-json\/wp\/v2\/types\/page"}],"author":[{"embeddable":true,"href":"https:\/\/ceeimmersionmouscron.be\/nl\/wp-json\/wp\/v2\/users\/1"}],"replies":[{"embeddable":true,"href":"https:\/\/ceeimmersionmouscron.be\/nl\/wp-json\/wp\/v2\/comments?post=1365"}],"version-history":[{"count":12,"href":"https:\/\/ceeimmersionmouscron.be\/nl\/wp-json\/wp\/v2\/pages\/1365\/revisions"}],"predecessor-version":[{"id":2980,"href":"https:\/\/ceeimmersionmouscron.be\/nl\/wp-json\/wp\/v2\/pages\/1365\/revisions\/2980"}],"wp:attachment":[{"href":"https:\/\/ceeimmersionmouscron.be\/nl\/wp-json\/wp\/v2\/media?parent=1365"}],"curies":[{"name":"wp","href":"https:\/\/api.w.org\/{rel}","templated":true}]}}