{"id":1360,"date":"2020-07-23T19:01:21","date_gmt":"2020-07-23T19:01:21","guid":{"rendered":"https:\/\/ceeimmersionmouscron.be\/agenda\/"},"modified":"2026-02-24T09:29:10","modified_gmt":"2026-02-24T09:29:10","slug":"lesrooster-en-agenda","status":"publish","type":"page","link":"https:\/\/ceeimmersionmouscron.be\/nl\/lesrooster-en-agenda\/","title":{"rendered":"Lesrooster en schoolvakanties"},"content":{"rendered":"<p>[vc_row full_width=&#8221;stretch_row_content_no_spaces&#8221;][vc_column css=&#8221;.vc_custom_1567927353068{padding-bottom: 120px !important;}&#8221; klb_responsive=&#8221;.vc_custom_1567927353070{padding-bottom: 40px !important;}&#8221;]<div class=\"jumbotron jumbotron-fluid\" style=background-image:url(https:\/\/ceeimmersionmouscron.be\/wp-content\/uploads\/2020\/07\/DSC_0317-1-scaled-e1595533121492.jpg)><div class=\"container\" ><div class=\"jumbo-heading\" data-aos=\"fade-down\"><h1>Lesrooster en schoolvakanties<\/h1><nav aria-label=\"breadcrumb\"> <ol class=\"breadcrumb\"> <li class=\"breadcrumb-item\"><a  href=\"https:\/\/ceeimmersionmouscron.be\/nl\/\" title=\"Home\" rel=\"bookmark\">Home<\/a> <\/li>  <\/ol><\/nav><\/div><\/div><\/div>[\/vc_column][\/vc_row][vc_row full_width=&#8221;stretch_row&#8221; gap=&#8221;30&#8243; css=&#8221;.vc_custom_1597997393317{padding-bottom: 90px !important;}&#8221;][vc_column width=&#8221;1\/3&#8243;][vc_row_inner gap=&#8221;20&#8243;][vc_column_inner css=&#8221;.vc_custom_1596119460857{background-color: #035392 !important;border-radius: 25px !important;}&#8221;][vc_empty_space][vc_column_text]<\/p>\n<h3 style=\"text-align: center;\"><span style=\"color: #ffffff;\">Kleuterschool lesrooster<\/span><\/h3>\n<p style=\"text-align: center;\"><span style=\"color: #ffffff;\">Voormiddag : 8u30-11u30<\/span><br \/>\n<span style=\"color: #ffffff;\">Namiddag : 13u00-15u45<\/span><br \/>\n<span style=\"color: #ffffff;\">Woensdag : 8u30-11u15<\/span>[\/vc_column_text][vc_empty_space][\/vc_column_inner][\/vc_row_inner][\/vc_column][vc_column width=&#8221;1\/3&#8243;][vc_row_inner gap=&#8221;20&#8243;][vc_column_inner css=&#8221;.vc_custom_1596199097032{background-color: #da3734 !important;border-radius: 25px !important;}&#8221;][vc_empty_space][vc_column_text]<\/p>\n<h3 style=\"text-align: center;\"><span style=\"color: #ffffff;\">Lagere school lesrooster<\/span><\/h3>\n<p style=\"text-align: center;\"><span style=\"color: #ffffff;\">Voormiddag : 8u30-12u05<\/span><br \/>\n<span style=\"color: #ffffff;\">Namiddag : 13u20-15u40<\/span><br \/>\n<span style=\"color: #ffffff;\">Woensdag : 8u30-11h15<\/span>[\/vc_column_text][vc_empty_space][\/vc_column_inner][\/vc_row_inner][\/vc_column][vc_column width=&#8221;1\/3&#8243;][vc_row_inner gap=&#8221;20&#8243;][vc_column_inner css=&#8221;.vc_custom_1596525223635{background-color: #e5992b !important;border-radius: 25px !important;}&#8221;][vc_empty_space][vc_column_text]<\/p>\n<h3 style=\"text-align: center;\"><span style=\"color: #ffffff;\">Naschoolse opvang<\/span><\/h3>\n<p style=\"text-align: center;\"><span style=\"color: #ffffff;\">Van 6u30 tot 8u10 en van 16u15 tot 18u<\/span><br \/>\n<span style=\"color: #ffffff;\">Tijdens de schoolvakanties <\/span><br \/>\n<span style=\"color: #ffffff;\">van 7u tot 18u<\/span>[\/vc_column_text][vc_empty_space][\/vc_column_inner][\/vc_row_inner][\/vc_column][\/vc_row][vc_row][vc_column][vc_custom_heading text=&#8221;Schoolvakanties 2025 &#8211; 2026&#8243; font_container=&#8221;tag:h3|text_align:center&#8221; use_theme_fonts=&#8221;yes&#8221;][\/vc_column][\/vc_row][vc_row css=&#8221;.vc_custom_1568790729333{padding-bottom: 70px !important;}&#8221; klb_responsive=&#8221;.vc_custom_1568790729336{padding-bottom: 40px !important;}&#8221;][vc_column]<ul class=\"custom pl-0 klblist\"><li>F\u00eate de la Communaut\u00e9 fran\u00e7aise : samedi 27 septembre 2025<\/li><li>Cong\u00e9 d\u2019automne (Toussaint) : du lundi 20 octobre 2025 au dimanche 2 novembre 2025<\/li><li>Jour de l&#039;Armistice : mardi 11 novembre<\/li><li>Vacances d\u2019hiver (No\u00ebl) : du lundi 22 d\u00e9cembre 2025 au dimanche 4 janvier 2026<\/li><li>Cong\u00e9 de d\u00e9tente (Carnaval) : du lundi 16 f\u00e9vrier 2026 au dimanche 1er mars 2026<\/li><li>Lundi de P\u00e2ques : lundi 6 avril 2026<\/li><li>Vacances de printemps (P\u00e2ques) : du lundi 27 avril 2026 au dimanche 10 mai 2026<\/li><li>Cong\u00e9 de l\u2019Ascension : jeudi 14 mai 2026<\/li><li>Lundi de Pentec\u00f4te : lundi 25 mai 2026<\/li><li>Vacances d\u2019\u00e9t\u00e9 : du samedi 4 juillet 2026<\/li><\/ul>[\/vc_column][\/vc_row]<\/p>\n","protected":false},"excerpt":{"rendered":"<div class=\"klb-readmore\"><a href=\"https:\/\/ceeimmersionmouscron.be\/nl\/lesrooster-en-agenda\/\" class=\"btn btn-primary\">Meer lezen<\/a><\/div>\n","protected":false},"author":1,"featured_media":0,"parent":0,"menu_order":0,"comment_status":"closed","ping_status":"closed","template":"","meta":[],"yoast_head":"<!-- This site is optimized with the Yoast SEO plugin v15.3 - https:\/\/yoast.com\/wordpress\/plugins\/seo\/ -->\n<title>Lesrooster en schoolvakanties - CEE : Kleuterschool en Lagere school<\/title>\n<meta name=\"description\" content=\"Vind de lesroosters van de kleuterschool en de lagere school, evenals de agenda van het centre \u00e9ducatif europ\u00e9en.\" \/>\n<meta name=\"robots\" content=\"index, follow, max-snippet:-1, max-image-preview:large, max-video-preview:-1\" \/>\n<link rel=\"canonical\" href=\"https:\/\/ceeimmersionmouscron.be\/nl\/lesrooster-en-agenda\/\" \/>\n<meta property=\"og:locale\" content=\"nl_NL\" \/>\n<meta property=\"og:type\" content=\"article\" \/>\n<meta property=\"og:title\" content=\"Lesrooster en schoolvakanties - CEE : Kleuterschool en Lagere school\" \/>\n<meta property=\"og:description\" content=\"Vind de lesroosters van de kleuterschool en de lagere school, evenals de agenda van het centre \u00e9ducatif europ\u00e9en.\" \/>\n<meta property=\"og:url\" content=\"https:\/\/ceeimmersionmouscron.be\/nl\/lesrooster-en-agenda\/\" \/>\n<meta property=\"og:site_name\" content=\"CEE\" \/>\n<meta property=\"article:modified_time\" content=\"2026-02-24T09:29:10+00:00\" \/>\n<meta name=\"twitter:card\" content=\"summary_large_image\" \/>\n<meta name=\"twitter:label1\" content=\"Geschreven door\">\n\t<meta name=\"twitter:data1\" content=\"Ludovic Moreau\">\n\t<meta name=\"twitter:label2\" content=\"Geschatte leestijd\">\n\t<meta name=\"twitter:data2\" content=\"2 minuten\">\n<script type=\"application\/ld+json\" class=\"yoast-schema-graph\">{\"@context\":\"https:\/\/schema.org\",\"@graph\":[{\"@type\":\"WebSite\",\"@id\":\"https:\/\/ceeimmersionmouscron.be\/nl\/#website\",\"url\":\"https:\/\/ceeimmersionmouscron.be\/nl\/\",\"name\":\"CEE\",\"description\":\"\",\"potentialAction\":[{\"@type\":\"SearchAction\",\"target\":\"https:\/\/ceeimmersionmouscron.be\/nl\/?s={search_term_string}\",\"query-input\":\"required name=search_term_string\"}],\"inLanguage\":\"nl\"},{\"@type\":\"WebPage\",\"@id\":\"https:\/\/ceeimmersionmouscron.be\/nl\/lesrooster-en-agenda\/#webpage\",\"url\":\"https:\/\/ceeimmersionmouscron.be\/nl\/lesrooster-en-agenda\/\",\"name\":\"Lesrooster en schoolvakanties - CEE : Kleuterschool en Lagere school\",\"isPartOf\":{\"@id\":\"https:\/\/ceeimmersionmouscron.be\/nl\/#website\"},\"datePublished\":\"2020-07-23T19:01:21+00:00\",\"dateModified\":\"2026-02-24T09:29:10+00:00\",\"description\":\"Vind de lesroosters van de kleuterschool en de lagere school, evenals de agenda van het centre \\u00e9ducatif europ\\u00e9en.\",\"inLanguage\":\"nl\",\"potentialAction\":[{\"@type\":\"ReadAction\",\"target\":[\"https:\/\/ceeimmersionmouscron.be\/nl\/lesrooster-en-agenda\/\"]}]}]}<\/script>\n<!-- \/ Yoast SEO plugin. -->","_links":{"self":[{"href":"https:\/\/ceeimmersionmouscron.be\/nl\/wp-json\/wp\/v2\/pages\/1360"}],"collection":[{"href":"https:\/\/ceeimmersionmouscron.be\/nl\/wp-json\/wp\/v2\/pages"}],"about":[{"href":"https:\/\/ceeimmersionmouscron.be\/nl\/wp-json\/wp\/v2\/types\/page"}],"author":[{"embeddable":true,"href":"https:\/\/ceeimmersionmouscron.be\/nl\/wp-json\/wp\/v2\/users\/1"}],"replies":[{"embeddable":true,"href":"https:\/\/ceeimmersionmouscron.be\/nl\/wp-json\/wp\/v2\/comments?post=1360"}],"version-history":[{"count":20,"href":"https:\/\/ceeimmersionmouscron.be\/nl\/wp-json\/wp\/v2\/pages\/1360\/revisions"}],"predecessor-version":[{"id":3038,"href":"https:\/\/ceeimmersionmouscron.be\/nl\/wp-json\/wp\/v2\/pages\/1360\/revisions\/3038"}],"wp:attachment":[{"href":"https:\/\/ceeimmersionmouscron.be\/nl\/wp-json\/wp\/v2\/media?parent=1360"}],"curies":[{"name":"wp","href":"https:\/\/api.w.org\/{rel}","templated":true}]}}